{"id":820,"date":"2025-12-28T19:06:48","date_gmt":"2025-12-28T19:06:48","guid":{"rendered":"https:\/\/game-design.ca\/?page_id=820"},"modified":"2026-03-30T16:52:10","modified_gmt":"2026-03-30T16:52:10","slug":"home-page-fr","status":"publish","type":"page","link":"https:\/\/game-design.ca\/?page_id=820","title":{"rendered":"home-page-fr"},"content":{"rendered":"\n<div class=\"wp-block-group alignfull is-style-default has-theme-1-color has-theme-5-background-color has-text-color has-background has-link-color wp-elements-44a23110def5336ca44bc5936239b7a5 has-global-padding is-layout-constrained wp-block-group-is-layout-constrained\" style=\"min-height:0vh\">\n<div class=\"wp-block-group alignfull has-global-padding is-layout-constrained wp-container-core-group-is-layout-52009084 wp-block-group-is-layout-constrained has-background\" style=\"min-height:100vh;padding-top:var(--wp--preset--spacing--40);padding-right:var(--wp--preset--spacing--40);padding-bottom:var(--wp--preset--spacing--40);padding-left:var(--wp--preset--spacing--40);background-image:url(&apos;https:\/\/gamedesigngrants.wordpress.com\/wp-content\/uploads\/2024\/07\/landscape1.gif&apos;);background-size:cover;background-attachment:fixed;\">\n<div class=\"wp-block-group is-content-justification-center is-nowrap is-layout-flex wp-container-core-group-is-layout-23441af8 wp-block-group-is-layout-flex\">\n<div class=\"wp-block-buttons is-content-justification-center is-layout-flex wp-container-core-buttons-is-layout-b02886af wp-block-buttons-is-layout-flex\">\n<div class=\"wp-block-button\"><a class=\"wp-block-button__link has-border-color has-base-2-border-color has-custom-font-size wp-element-button\" href=\"https:\/\/game-design.ca\/?page_id=820\" style=\"border-width:1px;font-size:14px\">ACCUEIL<\/a><\/div>\n\n\n\n<div class=\"wp-block-button\"><a class=\"wp-block-button__link wp-element-button\" href=\"https:\/\/game-design.ca\/?page_id=600\">BOURSES<\/a><\/div>\n\n\n\n<div class=\"wp-block-button\"><a class=\"wp-block-button__link wp-element-button\" href=\"https:\/\/game-design.ca\/?page_id=610\">PERSONNES<\/a><\/div>\n\n\n\n<div class=\"wp-block-button\"><a class=\"wp-block-button__link wp-element-button\" href=\"https:\/\/game-design.ca\/?page_id=626\">JEUX<\/a><\/div>\n\n\n\n<div class=\"wp-block-button\"><a class=\"wp-block-button__link wp-element-button\" href=\"https:\/\/game-design.ca\/?page_id=618\">\u00c9V\u00c9NEMENTS<\/a><\/div>\n\n\n\n<div class=\"wp-block-button\"><a class=\"wp-block-button__link wp-element-button\" href=\"https:\/\/game-design.ca\/?page_id=953\">M\u00c9DIA<\/a><\/div>\n\n\n\n<div class=\"wp-block-button\"><a class=\"wp-block-button__link wp-element-button\" href=\"https:\/\/game-design.ca\/?page_id=884\">PUBLICATIONS<\/a><\/div>\n\n\n\n<div class=\"wp-block-button\"><a class=\"wp-block-button__link has-contrast-2-background-color has-background wp-element-button\" href=\"https:\/\/game-design.ca\/\">EN<\/a><\/div>\n<\/div>\n<\/div>\n\n\n\n<div class=\"wp-block-columns is-layout-flex wp-container-core-columns-is-layout-65eef5bf wp-block-columns-is-layout-flex\">\n<div class=\"wp-block-column has-global-padding is-layout-constrained wp-container-core-column-is-layout-19e250f3 wp-block-column-is-layout-constrained\" style=\"flex-basis:100%\">\n<div style=\"height:33px\" aria-hidden=\"true\" class=\"wp-block-spacer\"><\/div>\n\n\n\n<h2 class=\"wp-block-heading alignfull has-text-align-right has-base-color has-text-color has-link-color has-body-font-family wp-elements-8e310416901122d6e3e08b7d2b68ebae\" style=\"font-size:clamp(1.453rem, 1.453rem + ((1vw - 0.2rem) * 1.578), 2.4rem);font-style:normal;font-weight:700\">Chaire de recherche Behaviour Interactive en conception de jeu<\/h2>\n\n\n\n<div style=\"height:33px\" aria-hidden=\"true\" class=\"wp-block-spacer\"><\/div>\n<\/div>\n<\/div>\n\n\n\n<div class=\"wp-block-group has-base-2-color has-contrast-background-color has-text-color has-background has-link-color wp-elements-3f18f0648c272c1d4c577cb6f5101648 has-global-padding is-layout-constrained wp-container-core-group-is-layout-c385debf wp-block-group-is-layout-constrained\" style=\"border-style:dashed;padding-top:var(--wp--preset--spacing--20);padding-right:var(--wp--preset--spacing--20);padding-bottom:var(--wp--preset--spacing--20);padding-left:var(--wp--preset--spacing--20)\">\n<p>La Chaire de recherche Behaviour Interactive en conception de jeux est financ\u00e9e par un <a href=\"https:\/\/www.concordia.ca\/news\/stories\/2023\/05\/18\/behaviour-interactive-s-2-million-gift-to-the-campaign-for-concordia-to-spur-innovation-for-quebec-s-video-game-industry.html\" data-type=\"link\" data-id=\"https:\/\/www.concordia.ca\/news\/stories\/2023\/05\/18\/behaviour-interactive-s-2-million-gift-to-the-campaign-for-concordia-to-spur-innovation-for-quebec-s-video-game-industry.html\">don de 2 millions de dollars<\/a> de <a href=\"https:\/\/www.bhvr.com\/\" data-type=\"link\" data-id=\"https:\/\/www.bhvr.com\/\">l\u2019entreprise montr\u00e9alaise<\/a>, et est h\u00e9berg\u00e9e au sein de la <a href=\"https:\/\/www.concordia.ca\/finearts.html\" data-type=\"link\" data-id=\"https:\/\/www.concordia.ca\/finearts.html\">Facult\u00e9 des beaux-arts<\/a> de l\u2019Universit\u00e9 Concordia. Son mandat est de :<\/p>\n\n\n\n<ul class=\"wp-block-list\">\n<li>Diriger des recherches et superviser des \u00e9tudiants de premier cycle et des cycles sup\u00e9rieurs dans l\u2019\u00e9tude du design de jeu.<\/li>\n\n\n\n<li>Soutenir les \u00e9tudiant.e.s issu.e.s de communaut\u00e9s sous-repr\u00e9sent\u00e9es dans l\u2019industrie du jeu vid\u00e9o.<\/li>\n\n\n\n<li>Favoriser les liens entre la recherche acad\u00e9mique et l\u2019industrie dans le domaine des jeux.<\/li>\n<\/ul>\n\n\n\n<p>Le titulaire actuel de la chaire est Jonathan Lessard.<\/p>\n\n\n\n<p>Ses principaux moyens d\u2019action sont les <a href=\"https:\/\/game-design.ca\/?page_id=600\" data-type=\"page\" data-id=\"600\">bourses<\/a> et les <a href=\"https:\/\/game-design.ca\/?page_id=618\" data-type=\"page\" data-id=\"618\">\u00e9v\u00e9nements<\/a>.<\/p>\n<\/div>\n\n\n\n<div class=\"wp-block-group has-contrast-background-color has-background has-small-font-size is-content-justification-center is-nowrap is-layout-flex wp-container-core-group-is-layout-3c544918 wp-block-group-is-layout-flex\" style=\"padding-top:var(--wp--preset--spacing--20);padding-right:var(--wp--preset--spacing--30);padding-bottom:var(--wp--preset--spacing--20);padding-left:var(--wp--preset--spacing--30)\">\n<ul class=\"wp-block-social-links is-layout-flex wp-block-social-links-is-layout-flex\"><li class=\"wp-social-link wp-social-link-mail  wp-block-social-link\"><a href=\"mailto:&#106;onat&#104;an&#046;lessar&#100;&#064;c&#111;&#110;&#099;or&#100;ia&#046;&#099;a\" class=\"wp-block-social-link-anchor\"><svg width=\"24\" height=\"24\" viewBox=\"0 0 24 24\" version=\"1.1\" xmlns=\"http:\/\/www.w3.org\/2000\/svg\" aria-hidden=\"true\" focusable=\"false\"><path d=\"M19,5H5c-1.1,0-2,.9-2,2v10c0,1.1.9,2,2,2h14c1.1,0,2-.9,2-2V7c0-1.1-.9-2-2-2zm.5,12c0,.3-.2.5-.5.5H5c-.3,0-.5-.2-.5-.5V9.8l7.5,5.6,7.5-5.6V17zm0-9.1L12,13.6,4.5,7.9V7c0-.3.2-.5.5-.5h14c.3,0,.5.2.5.5v.9z\"><\/path><\/svg><span class=\"wp-block-social-link-label screen-reader-text\">Mail<\/span><\/a><\/li><\/ul>\n\n\n\n<p>jonathan.lessard@concordia.ca<\/p>\n\n\n\n<div aria-hidden=\"true\" class=\"wp-block-spacer wp-container-content-9cfa9a5a\"><\/div>\n\n\n\n<p class=\"has-contrast-2-color has-text-color has-link-color wp-elements-99f5c1c7f5cef762d584d555db0d2b5f\">Site web r\u00e9alis\u00e9 par Zi Di Zhu<\/p>\n<\/div>\n<\/div>\n<\/div>\n","protected":false},"excerpt":{"rendered":"<p>Chaire de recherche Behaviour Interactive en conception de jeu La Chaire de recherche Behaviour Interactive en conception de jeux est financ\u00e9e par un don de 2 millions de dollars de l\u2019entreprise montr\u00e9alaise, et est h\u00e9berg\u00e9e au sein de la Facult\u00e9 des beaux-arts de l\u2019Universit\u00e9 Concordia. Son mandat est de : Le titulaire actuel de la [&hellip;]<\/p>\n","protected":false},"author":6,"featured_media":0,"parent":0,"menu_order":0,"comment_status":"closed","ping_status":"closed","template":"scholarships","meta":{"footnotes":""},"class_list":["post-820","page","type-page","status-publish","hentry"],"_links":{"self":[{"href":"https:\/\/game-design.ca\/index.php?rest_route=\/wp\/v2\/pages\/820","targetHints":{"allow":["GET"]}}],"collection":[{"href":"https:\/\/game-design.ca\/index.php?rest_route=\/wp\/v2\/pages"}],"about":[{"href":"https:\/\/game-design.ca\/index.php?rest_route=\/wp\/v2\/types\/page"}],"author":[{"embeddable":true,"href":"https:\/\/game-design.ca\/index.php?rest_route=\/wp\/v2\/users\/6"}],"replies":[{"embeddable":true,"href":"https:\/\/game-design.ca\/index.php?rest_route=%2Fwp%2Fv2%2Fcomments&post=820"}],"version-history":[{"count":8,"href":"https:\/\/game-design.ca\/index.php?rest_route=\/wp\/v2\/pages\/820\/revisions"}],"predecessor-version":[{"id":982,"href":"https:\/\/game-design.ca\/index.php?rest_route=\/wp\/v2\/pages\/820\/revisions\/982"}],"wp:attachment":[{"href":"https:\/\/game-design.ca\/index.php?rest_route=%2Fwp%2Fv2%2Fmedia&parent=820"}],"curies":[{"name":"wp","href":"https:\/\/api.w.org\/{rel}","templated":true}]}}