{"id":884,"date":"2026-02-09T22:17:50","date_gmt":"2026-02-09T22:17:50","guid":{"rendered":"https:\/\/game-design.ca\/?page_id=884"},"modified":"2026-03-30T16:53:11","modified_gmt":"2026-03-30T16:53:11","slug":"publications-page-fr","status":"publish","type":"page","link":"https:\/\/game-design.ca\/?page_id=884","title":{"rendered":"publications-page-fr"},"content":{"rendered":"\n<div class=\"wp-block-group alignfull has-theme-4-background-color has-background has-global-padding is-content-justification-center is-layout-constrained wp-block-group-is-layout-constrained\" style=\"min-height:100vh\">\n<div class=\"wp-block-group alignfull is-style-default has-base-color has-theme-5-background-color has-text-color has-background has-link-color wp-elements-2979b77cb31b8ee83b70286b1e6f8ee8 has-global-padding is-layout-constrained wp-container-core-group-is-layout-b469d2d1 wp-block-group-is-layout-constrained\" style=\"min-height:100vh;padding-top:var(--wp--preset--spacing--40);padding-right:var(--wp--preset--spacing--40);padding-bottom:var(--wp--preset--spacing--40);padding-left:var(--wp--preset--spacing--40);background-image:url(&apos;https:\/\/gamedesigngrants.wordpress.com\/wp-content\/uploads\/2024\/07\/landscape1.gif&apos;);background-size:cover;background-attachment:fixed;\">\n<div class=\"wp-block-group is-content-justification-center is-nowrap is-layout-flex wp-container-core-group-is-layout-23441af8 wp-block-group-is-layout-flex\">\n<div class=\"wp-block-buttons is-content-justification-center is-layout-flex wp-container-core-buttons-is-layout-a89b3969 wp-block-buttons-is-layout-flex\">\n<div class=\"wp-block-button\"><a class=\"wp-block-button__link wp-element-button\" href=\"https:\/\/game-design.ca\/?page_id=820\">ACCUEIL<\/a><\/div>\n\n\n\n<div class=\"wp-block-button\"><a class=\"wp-block-button__link wp-element-button\" href=\"https:\/\/game-design.ca\/?page_id=600\">BOURSES<\/a><\/div>\n\n\n\n<div class=\"wp-block-button\"><a class=\"wp-block-button__link wp-element-button\" href=\"https:\/\/game-design.ca\/?page_id=610\">PERSONNES<\/a><\/div>\n\n\n\n<div class=\"wp-block-button\"><a class=\"wp-block-button__link wp-element-button\" href=\"https:\/\/game-design.ca\/?page_id=626\">JEUX<\/a><\/div>\n\n\n\n<div class=\"wp-block-button\"><a class=\"wp-block-button__link wp-element-button\" href=\"https:\/\/game-design.ca\/?page_id=618\">\u00c9V\u00c9NEMENTS<\/a><\/div>\n\n\n\n<div class=\"wp-block-button\"><a class=\"wp-block-button__link wp-element-button\" href=\"https:\/\/game-design.ca\/?page_id=953\">M\u00c9DIA<\/a><\/div>\n\n\n\n<div class=\"wp-block-button\"><a class=\"wp-block-button__link has-border-color has-base-2-border-color wp-element-button\" style=\"border-width:1px\">PUBLICATIONS<\/a><\/div>\n\n\n\n<div class=\"wp-block-button\"><a class=\"wp-block-button__link has-contrast-2-background-color has-background wp-element-button\" href=\"https:\/\/game-design.ca\/?page_id=880\">EN<\/a><\/div>\n<\/div>\n<\/div>\n\n\n\n<div class=\"wp-block-columns is-layout-flex wp-container-core-columns-is-layout-28f84493 wp-block-columns-is-layout-flex\">\n<div class=\"wp-block-column is-layout-flow wp-block-column-is-layout-flow\" style=\"flex-basis:20%\">\n<figure class=\"wp-block-image size-full is-resized has-custom-border\"><img loading=\"lazy\" decoding=\"async\" width=\"512\" height=\"512\" src=\"https:\/\/game-design.ca\/wp-content\/uploads\/2024\/11\/star_line_1.gif\" alt=\"\" class=\"wp-image-709\" style=\"border-style:none;border-width:0px;border-radius:100px;width:116px;height:auto\"\/><\/figure>\n<\/div>\n\n\n\n<div class=\"wp-block-column has-global-padding is-layout-constrained wp-container-core-column-is-layout-19e250f3 wp-block-column-is-layout-constrained\" style=\"flex-basis:80%\">\n<div style=\"height:33px\" aria-hidden=\"true\" class=\"wp-block-spacer\"><\/div>\n\n\n\n<h2 class=\"wp-block-heading has-text-align-right has-base-2-color has-text-color has-link-color has-body-font-family has-x-large-font-size wp-elements-4a7d08cc16c21998d30a397607962c5c\" style=\"font-style:normal;font-weight:700\">Publications<\/h2>\n\n\n\n<div style=\"height:33px\" aria-hidden=\"true\" class=\"wp-block-spacer\"><\/div>\n<\/div>\n<\/div>\n\n\n\n<p class=\"has-contrast-background-color has-background has-medium-font-size\" style=\"padding-top:var(--wp--preset--spacing--20);padding-right:var(--wp--preset--spacing--30);padding-bottom:var(--wp--preset--spacing--20);padding-left:var(--wp--preset--spacing--30);line-height:1.33\">Les articles pr\u00e9sent\u00e9s sur cette page s\u2019inscrivent dans un lien direct ou indirect avec les jeux cr\u00e9\u00e9s dans le cadre des activit\u00e9s de la Chaire de recherche Behaviour Interactive en conception de jeux.<\/p>\n\n\n\n<div class=\"wp-block-group has-base-2-color has-contrast-background-color has-text-color has-background has-link-color wp-elements-b84b8ee56a358c2a325cb7d4588d68f2 has-global-padding is-content-justification-center is-layout-constrained wp-container-core-group-is-layout-d1cd99d5 wp-block-group-is-layout-constrained\" style=\"border-style:dashed;min-height:0px;padding-top:var(--wp--preset--spacing--20);padding-right:var(--wp--preset--spacing--20);padding-bottom:var(--wp--preset--spacing--20);padding-left:var(--wp--preset--spacing--20)\">\n<div class=\"wp-block-group has-base-2-color has-text-color has-link-color wp-elements-81b7fb6b23bed9a7abae7f2693c03d82 is-nowrap is-layout-flex wp-container-core-group-is-layout-fe920e6b wp-block-group-is-layout-flex\" style=\"padding-bottom:4px\">\n<div class=\"wp-block-group is-vertical is-layout-flex wp-container-core-group-is-layout-fe9cc265 wp-block-group-is-layout-flex\">\n<p><strong>Th\u00e8ses<\/strong><\/p>\n\n\n\n<p>Radoeva, Dimana.&nbsp;(2025).&nbsp;<a href=\"https:\/\/spectrum.library.concordia.ca\/id\/eprint\/995321\/\"><em>YOU WILL NOT WIN AND YOU MUST DIE, YOU CHURL: Re-Structuring Beowulf\u2019s Polyvalence using Interactive Fiction.<\/em><\/a>&nbsp;Masters thesis, Concordia University.<\/p>\n<\/div>\n<\/div>\n<\/div>\n\n\n\n<div class=\"wp-block-group has-base-2-color has-contrast-background-color has-text-color has-background has-link-color wp-elements-7a799f8c66b198de23d76ceb1925332f has-global-padding is-content-justification-center is-layout-constrained wp-container-core-group-is-layout-d1cd99d5 wp-block-group-is-layout-constrained\" style=\"border-style:dashed;min-height:0px;padding-top:var(--wp--preset--spacing--20);padding-right:var(--wp--preset--spacing--20);padding-bottom:var(--wp--preset--spacing--20);padding-left:var(--wp--preset--spacing--20)\">\n<div class=\"wp-block-group has-base-2-color has-text-color has-link-color wp-elements-6658e3ad834d94c96ff62f12aed17ba7 is-nowrap is-layout-flex wp-container-core-group-is-layout-fe920e6b wp-block-group-is-layout-flex\" style=\"padding-bottom:4px\">\n<div class=\"wp-block-group is-vertical is-layout-flex wp-container-core-group-is-layout-fe9cc265 wp-block-group-is-layout-flex\">\n<div class=\"wp-block-group is-vertical is-layout-flex wp-container-core-group-is-layout-fe9cc265 wp-block-group-is-layout-flex\">\n<p><strong>Articles<\/strong><\/p>\n\n\n\n<p>Nickel, Vadim &amp; Vigliensoni, Gabriel. (2025). <a href=\"https:\/\/www.researchgate.net\/publication\/393388961_Sonic_Lead_A_Survey_of_Sound-First_Games\" data-type=\"link\" data-id=\"https:\/\/www.researchgate.net\/publication\/393388961_Sonic_Lead_A_Survey_of_Sound-First_Games\"><em>Sonic Lead: A Survey of Sound-First Games.<\/em><\/a> Conference Proceedings of DiGRA 2025: Games at the Crossroads. 10.26503\/dl.v2025i2.2428. <\/p>\n<\/div>\n<\/div>\n<\/div>\n<\/div>\n<\/div>\n<\/div>\n","protected":false},"excerpt":{"rendered":"<p>Publications Les articles pr\u00e9sent\u00e9s sur cette page s\u2019inscrivent dans un lien direct ou indirect avec les jeux cr\u00e9\u00e9s dans le cadre des activit\u00e9s de la Chaire de recherche Behaviour Interactive en conception de jeux. Th\u00e8ses Radoeva, Dimana.&nbsp;(2025).&nbsp;YOU WILL NOT WIN AND YOU MUST DIE, YOU CHURL: Re-Structuring Beowulf\u2019s Polyvalence using Interactive Fiction.&nbsp;Masters thesis, Concordia University. [&hellip;]<\/p>\n","protected":false},"author":6,"featured_media":0,"parent":0,"menu_order":0,"comment_status":"closed","ping_status":"closed","template":"people","meta":{"footnotes":""},"class_list":["post-884","page","type-page","status-publish","hentry"],"_links":{"self":[{"href":"https:\/\/game-design.ca\/index.php?rest_route=\/wp\/v2\/pages\/884","targetHints":{"allow":["GET"]}}],"collection":[{"href":"https:\/\/game-design.ca\/index.php?rest_route=\/wp\/v2\/pages"}],"about":[{"href":"https:\/\/game-design.ca\/index.php?rest_route=\/wp\/v2\/types\/page"}],"author":[{"embeddable":true,"href":"https:\/\/game-design.ca\/index.php?rest_route=\/wp\/v2\/users\/6"}],"replies":[{"embeddable":true,"href":"https:\/\/game-design.ca\/index.php?rest_route=%2Fwp%2Fv2%2Fcomments&post=884"}],"version-history":[{"count":12,"href":"https:\/\/game-design.ca\/index.php?rest_route=\/wp\/v2\/pages\/884\/revisions"}],"predecessor-version":[{"id":985,"href":"https:\/\/game-design.ca\/index.php?rest_route=\/wp\/v2\/pages\/884\/revisions\/985"}],"wp:attachment":[{"href":"https:\/\/game-design.ca\/index.php?rest_route=%2Fwp%2Fv2%2Fmedia&parent=884"}],"curies":[{"name":"wp","href":"https:\/\/api.w.org\/{rel}","templated":true}]}}